{"id":14,"date":"2023-06-15T12:33:10","date_gmt":"2023-06-15T12:33:10","guid":{"rendered":"https:\/\/dummy.xtemos.com\/woodmart2\/kids-elementor\/?page_id=14"},"modified":"2024-09-25T15:07:53","modified_gmt":"2024-09-25T15:07:53","slug":"about-us","status":"publish","type":"page","link":"https:\/\/planetconfort.com\/?page_id=14","title":{"rendered":"About us"},"content":{"rendered":"\t\t<div data-elementor-type=\"wp-page\" data-elementor-id=\"14\" class=\"elementor elementor-14\" data-elementor-post-type=\"page\">\n\t\t\t\t<div class=\"elementor-element elementor-element-7ad3bb7 e-flex e-con-boxed e-con e-parent\" data-id=\"7ad3bb7\" data-element_type=\"container\" data-e-type=\"container\">\n\t\t\t\t\t<div class=\"e-con-inner\">\n\t\t<div class=\"elementor-element elementor-element-17fe656 e-con-full e-flex e-con e-child\" data-id=\"17fe656\" data-element_type=\"container\" data-e-type=\"container\">\n\t\t\t\t<div class=\"elementor-element elementor-element-c1810d5 elementor-widget elementor-widget-wd_image_or_svg\" data-id=\"c1810d5\" data-element_type=\"widget\" data-e-type=\"widget\" data-widget_type=\"wd_image_or_svg.default\">\n\t\t\t\t<div class=\"elementor-widget-container\">\n\t\t\t\t\t\n\t\t<div class=\"wd-image text-left\">\n\t\t\t\t\t\t\t\t<img fetchpriority=\"high\" decoding=\"async\" width=\"1920\" height=\"2560\" src=\"https:\/\/planetconfort.com\/wp-content\/uploads\/2024\/08\/image00007-scaled.jpeg\" class=\"attachment-full size-full\" alt=\"\" srcset=\"https:\/\/planetconfort.com\/wp-content\/uploads\/2024\/08\/image00007-scaled.jpeg 1920w, https:\/\/planetconfort.com\/wp-content\/uploads\/2024\/08\/image00007-scaled-600x800.jpeg 600w, https:\/\/planetconfort.com\/wp-content\/uploads\/2024\/08\/image00007-scaled-150x200.jpeg 150w, https:\/\/planetconfort.com\/wp-content\/uploads\/2024\/08\/image00007-scaled-1200x1600.jpeg 1200w, https:\/\/planetconfort.com\/wp-content\/uploads\/2024\/08\/image00007-225x300.jpeg 225w, https:\/\/planetconfort.com\/wp-content\/uploads\/2024\/08\/image00007-768x1024.jpeg 768w, https:\/\/planetconfort.com\/wp-content\/uploads\/2024\/08\/image00007-1152x1536.jpeg 1152w, https:\/\/planetconfort.com\/wp-content\/uploads\/2024\/08\/image00007-1536x2048.jpeg 1536w\" sizes=\"(max-width: 1920px) 100vw, 1920px\" \/>\t\t\t\t\t<\/div>\n\n\t\t\t\t\t\t<\/div>\n\t\t\t\t<\/div>\n\t\t\t\t<div class=\"elementor-element elementor-element-f6bd784 elementor-widget elementor-widget-wd_text_block\" data-id=\"f6bd784\" data-element_type=\"widget\" data-e-type=\"widget\" data-widget_type=\"wd_text_block.default\">\n\t\t\t\t<div class=\"elementor-widget-container\">\n\t\t\t\t\t\t\t\t<link rel=\"stylesheet\" id=\"wd-text-block-css\" href=\"https:\/\/planetconfort.com\/wp-content\/themes\/woodmart\/css\/parts\/el-text-block.min.css?ver=7.4.3\" type=\"text\/css\" media=\"all\" \/> \t\t\t\t\t<div class=\"wd-text-block reset-last-child text-left\">\n\t\t\t\n\t\t\t<h3>Comment nous travaillons<\/h3><p>Nous mettons le client au centre de tout ce que nous faisons. D\u00e8s le premier contact, notre \u00e9quipe d'experts vous accompagne pour \u00e9valuer vos besoins sp\u00e9cifiques en climatisation, vous conseiller sur les meilleures options disponibles, et assurer une installation soign\u00e9e et professionnelle. Nous privil\u00e9gions des produits de marques reconnues pour leur fiabilit\u00e9 et leur efficacit\u00e9 \u00e9nerg\u00e9tique, afin de vous garantir un confort optimal tout en r\u00e9duisant votre consommation d'\u00e9nergie.<\/p>\n\t\t\t\t\t<\/div>\n\t\t\t\t\t\t<\/div>\n\t\t\t\t<\/div>\n\t\t\t\t<\/div>\n\t\t<div class=\"elementor-element elementor-element-d4c871c e-con-full e-flex e-con e-child\" data-id=\"d4c871c\" data-element_type=\"container\" data-e-type=\"container\">\n\t\t\t\t<div class=\"elementor-element elementor-element-470690c elementor-widget elementor-widget-wd_image_or_svg\" data-id=\"470690c\" data-element_type=\"widget\" data-e-type=\"widget\" data-widget_type=\"wd_image_or_svg.default\">\n\t\t\t\t<div class=\"elementor-widget-container\">\n\t\t\t\t\t\n\t\t<div class=\"wd-image text-left\">\n\t\t\t\t\t\t\t\t<img decoding=\"async\" width=\"1920\" height=\"2560\" src=\"https:\/\/planetconfort.com\/wp-content\/uploads\/2024\/05\/image00045-scaled.jpeg\" class=\"attachment-full size-full\" alt=\"\" srcset=\"https:\/\/planetconfort.com\/wp-content\/uploads\/2024\/05\/image00045-scaled.jpeg 1920w, https:\/\/planetconfort.com\/wp-content\/uploads\/2024\/05\/image00045-scaled-600x800.jpeg 600w, https:\/\/planetconfort.com\/wp-content\/uploads\/2024\/05\/image00045-scaled-150x200.jpeg 150w, https:\/\/planetconfort.com\/wp-content\/uploads\/2024\/05\/image00045-scaled-1200x1600.jpeg 1200w, https:\/\/planetconfort.com\/wp-content\/uploads\/2024\/05\/image00045-225x300.jpeg 225w, https:\/\/planetconfort.com\/wp-content\/uploads\/2024\/05\/image00045-768x1024.jpeg 768w, https:\/\/planetconfort.com\/wp-content\/uploads\/2024\/05\/image00045-1152x1536.jpeg 1152w, https:\/\/planetconfort.com\/wp-content\/uploads\/2024\/05\/image00045-1536x2048.jpeg 1536w\" sizes=\"(max-width: 1920px) 100vw, 1920px\" \/>\t\t\t\t\t<\/div>\n\n\t\t\t\t\t\t<\/div>\n\t\t\t\t<\/div>\n\t\t\t\t<div class=\"elementor-element elementor-element-0e3f133 elementor-widget elementor-widget-wd_text_block\" data-id=\"0e3f133\" data-element_type=\"widget\" data-e-type=\"widget\" data-widget_type=\"wd_text_block.default\">\n\t\t\t\t<div class=\"elementor-widget-container\">\n\t\t\t\t\t\t\t<div class=\"wd-text-block reset-last-child text-left\">\n\t\t\t\n\t\t\t<h3>Ce que nous faisons<\/h3><p>Nous proposons une gamme compl\u00e8te de services, allant de l'installation de syst\u00e8mes de climatisation r\u00e9sidentiels et commerciaux, \u00e0 la maintenance et au d\u00e9pannage. En plus de nos services d'installation, nous mettons \u00e0 votre disposition une large s\u00e9lection de mat\u00e9riels de climatisation \u00e0 la vente, adapt\u00e9s \u00e0 tous les types d'espaces et de budgets. Chez Planetconfort, notre objectif est de vous offrir des solutions sur mesure qui r\u00e9pondent parfaitement \u00e0 vos besoins en termes de confort et de bien-\u00eatre.<\/p>\n\t\t\t\t\t<\/div>\n\t\t\t\t\t\t<\/div>\n\t\t\t\t<\/div>\n\t\t\t\t<\/div>\n\t\t\t\t\t<\/div>\n\t\t\t\t<\/div>\n\t\t<div class=\"elementor-element elementor-element-c70f2d1 e-flex e-con-boxed e-con e-parent\" data-id=\"c70f2d1\" data-element_type=\"container\" data-e-type=\"container\">\n\t\t\t\t\t<div class=\"e-con-inner\">\n\t\t<div class=\"elementor-element elementor-element-4afd6d0 e-con-full e-flex e-con e-child\" data-id=\"4afd6d0\" data-element_type=\"container\" data-e-type=\"container\">\n\t\t\t\t<div class=\"elementor-element elementor-element-d122eab wd-width-100 elementor-widget elementor-widget-wd_title\" data-id=\"d122eab\" data-element_type=\"widget\" data-e-type=\"widget\" data-widget_type=\"wd_title.default\">\n\t\t\t\t<div class=\"elementor-widget-container\">\n\t\t\t\t\t\t\t\t<link rel=\"stylesheet\" id=\"wd-section-title-css\" href=\"https:\/\/planetconfort.com\/wp-content\/themes\/woodmart\/css\/parts\/el-section-title.min.css?ver=7.4.3\" type=\"text\/css\" media=\"all\" \/> \t\t\t\t\t<div class=\"title-wrapper set-mb-s reset-last-child wd-title-color-primary wd-title-style-default wd-title-size-large text-left\">\n\n\t\t\t\n\t\t\t<div class=\"liner-continer\">\n\t\t\t\t<h4 class=\"woodmart-title-container title wd-fontsize-xxl\">Certaines de vos questions ont trouv\u00e9 une r\u00e9ponse ici<\/h4> \n\t\t\t\t\t\t\t<\/div>\n\n\t\t\t\t\t\t\t<div class=\"title-after_title set-cont-mb-s reset-last-child wd-fontsize-s\">\n\t\t\t\t\t<p>Nous recevons beaucoup de questions sur notre service Vous pouvez obtenir toutes les r\u00e9ponses.<\/p>\t\t\t\t<\/div>\n\t\t\t\t\t<\/div>\n\t\t\t\t\t\t<\/div>\n\t\t\t\t<\/div>\n\t\t\t\t<div class=\"elementor-element elementor-element-5041159 elementor-widget elementor-widget-wd_button\" data-id=\"5041159\" data-element_type=\"widget\" data-e-type=\"widget\" data-widget_type=\"wd_button.default\">\n\t\t\t\t<div class=\"elementor-widget-container\">\n\t\t\t\t\t\t\t<div class=\"wd-button-wrapper text-left\" >\n\t\t\t<a class=\"btn btn-style-default btn-style-semi-round btn-size-default btn-color-primary btn-icon-pos-right\"  href=\"https:\/\/planetconfort.com\/contact-us\/\">\n\t\t\t\t<span class=\"wd-btn-text\" data-elementor-setting-key=\"text\">\n\t\t\t\t\tContactez- nous \t\t\t\t<\/span>\n\n\t\t\t\t\t\t\t<\/a>\n\t\t<\/div>\n\t\t\t\t\t\t<\/div>\n\t\t\t\t<\/div>\n\t\t\t\t<\/div>\n\t\t<div class=\"elementor-element elementor-element-aa65cc5 e-con-full e-flex e-con e-child\" data-id=\"aa65cc5\" data-element_type=\"container\" data-e-type=\"container\">\n\t\t\t\t<div class=\"elementor-element elementor-element-6b09cf2 elementor-widget elementor-widget-wd_accordion\" data-id=\"6b09cf2\" data-element_type=\"widget\" data-e-type=\"widget\" data-widget_type=\"wd_accordion.default\">\n\t\t\t\t<div class=\"elementor-widget-container\">\n\t\t\t\t\t\t\t\t<link rel=\"stylesheet\" id=\"wd-accordion-css\" href=\"https:\/\/planetconfort.com\/wp-content\/themes\/woodmart\/css\/parts\/el-accordion.min.css?ver=7.4.3\" type=\"text\/css\" media=\"all\" \/> \t\t\t\n\t\t<div class=\"wd-accordion wd-style-default\" data-state=\"all_closed\">\n\t\t\t\t\t\t\t\n\t\t\t\t<div class=\"wd-accordion-item\">\n\t\t\t\t\t<div class=\"wd-accordion-title text-left wd-opener-pos-right\" data-accordion-index=\"0\">\n\t\t\t\t\t\t<div class=\"wd-accordion-title-text\">\n\t\t\t\t\t\t\t\t\t\t\t\t\t\t<span>\n\t\t\t\t\t\t\t\tQuelle est la dur\u00e9e de vie moyenne d&#039;un syst\u00e8me de climatisation ?\t\t\t\t\t\t\t<\/span>\n\t\t\t\t\t\t<\/div>\n\t\t\t\t\t\t<span class=\"wd-accordion-opener wd-opener-style-plus\"><\/span>\n\t\t\t\t\t<\/div>\n\n\t\t\t\t\t<div class=\"wd-accordion-content reset-last-child\" data-accordion-index=\"0\">\n\t\t\t\t\t\t\t\t\t\t\t\t\t\n\t\t\t\t\t\t\t<p>a dur\u00e9e de vie moyenne d'un syst\u00e8me de climatisation est d'environ 10 \u00e0 15 ans, selon la qualit\u00e9 de l'installation, la fr\u00e9quence de l'entretien, et l'utilisation. Un entretien r\u00e9gulier peut prolonger la dur\u00e9e de vie de votre syst\u00e8me et maintenir son efficacit\u00e9.<\/p>\n\t\t\t\t\t\t\t\t\t\t\t\t\t\t\t\t\t\t<\/div>\n\t\t\t\t<\/div>\n\t\t\t\t\t\t\t\n\t\t\t\t<div class=\"wd-accordion-item\">\n\t\t\t\t\t<div class=\"wd-accordion-title text-left wd-opener-pos-right\" data-accordion-index=\"1\">\n\t\t\t\t\t\t<div class=\"wd-accordion-title-text\">\n\t\t\t\t\t\t\t\t\t\t\t\t\t\t<span>\n\t\t\t\t\t\t\t\t\u00c0 quelle fr\u00e9quence dois-je faire entretenir ma climatisation ?\t\t\t\t\t\t\t<\/span>\n\t\t\t\t\t\t<\/div>\n\t\t\t\t\t\t<span class=\"wd-accordion-opener wd-opener-style-plus\"><\/span>\n\t\t\t\t\t<\/div>\n\n\t\t\t\t\t<div class=\"wd-accordion-content reset-last-child\" data-accordion-index=\"1\">\n\t\t\t\t\t\t\t\t\t\t\t\t\t\n\t\t\t\t\t\t\t<p>il est recommand\u00e9 de faire entretenir votre syst\u00e8me de climatisation au moins une fois par an, de pr\u00e9f\u00e9rence avant le d\u00e9but de la saison chaude. Un entretien r\u00e9gulier permet de d\u00e9tecter et r\u00e9soudre les probl\u00e8mes potentiels, d'am\u00e9liorer l'efficacit\u00e9 du syst\u00e8me, et de prolonger sa dur\u00e9e de vie.<\/p>\n\t\t\t\t\t\t\t\t\t\t\t\t\t\t\t\t\t\t<\/div>\n\t\t\t\t<\/div>\n\t\t\t\t\t\t\t\n\t\t\t\t<div class=\"wd-accordion-item\">\n\t\t\t\t\t<div class=\"wd-accordion-title text-left wd-opener-pos-right\" data-accordion-index=\"2\">\n\t\t\t\t\t\t<div class=\"wd-accordion-title-text\">\n\t\t\t\t\t\t\t\t\t\t\t\t\t\t<span>\n\t\t\t\t\t\t\t\tComment puis-je am\u00e9liorer l&#039;efficacit\u00e9 \u00e9nerg\u00e9tique de mon syst\u00e8me de climatisation?\t\t\t\t\t\t\t<\/span>\n\t\t\t\t\t\t<\/div>\n\t\t\t\t\t\t<span class=\"wd-accordion-opener wd-opener-style-plus\"><\/span>\n\t\t\t\t\t<\/div>\n\n\t\t\t\t\t<div class=\"wd-accordion-content reset-last-child\" data-accordion-index=\"2\">\n\t\t\t\t\t\t\t\t\t\t\t\t\t\n\t\t\t\t\t\t\t<p>Pour am\u00e9liorer l'efficacit\u00e9 \u00e9nerg\u00e9tique de votre climatisation, assurez-vous que vos filtres \u00e0 air sont propres et remplacez-les r\u00e9guli\u00e8rement, maintenez une temp\u00e9rature stable, et envisagez l'installation d'un thermostat programmable. De plus, un entretien annuel professionnel peut aider \u00e0 optimiser les performances de votre syst\u00e8me. Si votre appareil est ancien, le remplacer par un mod\u00e8le plus r\u00e9cent et plus \u00e9conome en \u00e9nergie peut \u00e9galement r\u00e9duire vos co\u00fbts \u00e9nerg\u00e9tiques.<\/p>\n\t\t\t\t\t\t\t\t\t\t\t\t\t\t\t\t\t\t<\/div>\n\t\t\t\t<\/div>\n\t\t\t\t\t<\/div>\n\t\t\t\t\t\t<\/div>\n\t\t\t\t<\/div>\n\t\t\t\t<\/div>\n\t\t\t\t\t<\/div>\n\t\t\t\t<\/div>\n\t\t\t\t<\/div>\n\t\t","protected":false},"excerpt":{"rendered":"<p>Comment nous travaillons Nous mettons le client au centre de tout ce que nous faisons. D\u00e8s le premier contact, notre<\/p>\n","protected":false},"author":1,"featured_media":0,"parent":0,"menu_order":0,"comment_status":"closed","ping_status":"closed","template":"","meta":{"om_disable_all_campaigns":false,"_monsterinsights_skip_tracking":false,"_monsterinsights_sitenote_active":false,"_monsterinsights_sitenote_note":"","_monsterinsights_sitenote_category":0,"_joinchat":[],"footnotes":""},"class_list":["post-14","page","type-page","status-publish","hentry"],"jetpack_sharing_enabled":true,"_links":{"self":[{"href":"https:\/\/planetconfort.com\/index.php?rest_route=\/wp\/v2\/pages\/14","targetHints":{"allow":["GET"]}}],"collection":[{"href":"https:\/\/planetconfort.com\/index.php?rest_route=\/wp\/v2\/pages"}],"about":[{"href":"https:\/\/planetconfort.com\/index.php?rest_route=\/wp\/v2\/types\/page"}],"author":[{"embeddable":true,"href":"https:\/\/planetconfort.com\/index.php?rest_route=\/wp\/v2\/users\/1"}],"replies":[{"embeddable":true,"href":"https:\/\/planetconfort.com\/index.php?rest_route=%2Fwp%2Fv2%2Fcomments&post=14"}],"version-history":[{"count":15,"href":"https:\/\/planetconfort.com\/index.php?rest_route=\/wp\/v2\/pages\/14\/revisions"}],"predecessor-version":[{"id":2419,"href":"https:\/\/planetconfort.com\/index.php?rest_route=\/wp\/v2\/pages\/14\/revisions\/2419"}],"wp:attachment":[{"href":"https:\/\/planetconfort.com\/index.php?rest_route=%2Fwp%2Fv2%2Fmedia&parent=14"}],"curies":[{"name":"wp","href":"https:\/\/api.w.org\/{rel}","templated":true}]}}