{"id":1833,"date":"2024-08-20T12:12:57","date_gmt":"2024-08-20T12:12:57","guid":{"rendered":"https:\/\/planetconfort.com\/?post_type=product&#038;p=1833"},"modified":"2024-09-11T17:57:26","modified_gmt":"2024-09-11T17:57:26","slug":"bloc-solaire","status":"publish","type":"product","link":"https:\/\/planetconfort.com\/?product=bloc-solaire","title":{"rendered":"Bloc Solaire"},"content":{"rendered":"","protected":false},"excerpt":{"rendered":"<p>L\u2019\u00e9vaporation du fluide qui circule dans le circuit ferm\u00e9 se produit dans le panneau solaire en captant la chaleur du soleil, du vent, de la pluie et de l\u2019air environnant par convection naturelle. Le gaz chauff\u00e9 se dirige ensuite vers le compresseur, qui va le comprimer en augmentant sa pression et sa temp\u00e9rature. Il passe ensuite dans l\u2019\u00e9changeur de chaleur (condenseur) o\u00f9 il se condense en lib\u00e9rant la chaleur dans l\u2019eau. Le fluide passe ensuite par un d\u00e9tendeur qui fait baisser sa pression et sa temp\u00e9rature \u00e0 des valeurs inf\u00e9rieures \u00e0 z\u00e9ro. Ensuite, il retourne au panneau solaire thermodynamique et le cycle se r\u00e9p\u00e8te \u00e0 nouveau.<\/p>\n<div id=\"equipamento\" class=\"wp-block-stackable-heading stk-block-heading stk-block-heading--v2 stk-block stk-9cb03e3\" data-block-id=\"9cb03e3\">\n<h4 class=\"stk-block-heading__text\">\u00c9QUIPEMENT<\/h4>\n<\/div>\n<ul id=\"equipamento\" class=\"wp-block-list\">\n<li>Sans conduits et sans ventilateur<\/li>\n<li>Sans cycles de d\u00e9givrage consommateurs d\u2019\u00e9nergie<\/li>\n<li>Compresseur super efficace \u00e0 basse consommation<\/li>\n<li>Sans besoin d\u2019installation d\u2019\u00e9quipements de support<\/li>\n<\/ul>\n<div id=\"painel-solar\" class=\"wp-block-stackable-heading stk-block-heading stk-block-heading--v2 stk-block stk-8c64f4f\" data-block-id=\"8c64f4f\">\n<h4 class=\"stk-block-heading__text\">PANNEAU SOLAIRE<\/h4>\n<\/div>\n<ul class=\"wp-block-list\">\n<li>Capte la chaleur quels que soient les facteurs climatiques<\/li>\n<li>Le circuit primaire ne demande pas une dissipation de la chaleur en exc\u00e8s pour les jours les plus chauds<\/li>\n<li>Int\u00e9gration architectonique facile, polyvalente sans impact visuel<\/li>\n<\/ul>\n","protected":false},"featured_media":1834,"template":"elementor_canvas","meta":{"om_disable_all_campaigns":false,"_monsterinsights_skip_tracking":false,"_monsterinsights_sitenote_active":false,"_monsterinsights_sitenote_note":"","_monsterinsights_sitenote_category":0,"_joinchat":[]},"product_brand":[],"product_cat":[308],"product_tag":[345],"class_list":{"0":"post-1833","1":"product","2":"type-product","3":"status-publish","4":"has-post-thumbnail","6":"product_cat-thermo-dynamique","7":"product_tag-s","9":"first","10":"instock","11":"shipping-taxable","12":"product-type-simple"},"jetpack_sharing_enabled":true,"_links":{"self":[{"href":"https:\/\/planetconfort.com\/index.php?rest_route=\/wp\/v2\/product\/1833","targetHints":{"allow":["GET"]}}],"collection":[{"href":"https:\/\/planetconfort.com\/index.php?rest_route=\/wp\/v2\/product"}],"about":[{"href":"https:\/\/planetconfort.com\/index.php?rest_route=\/wp\/v2\/types\/product"}],"version-history":[{"count":3,"href":"https:\/\/planetconfort.com\/index.php?rest_route=\/wp\/v2\/product\/1833\/revisions"}],"predecessor-version":[{"id":1841,"href":"https:\/\/planetconfort.com\/index.php?rest_route=\/wp\/v2\/product\/1833\/revisions\/1841"}],"wp:featuredmedia":[{"embeddable":true,"href":"https:\/\/planetconfort.com\/index.php?rest_route=\/wp\/v2\/media\/1834"}],"wp:attachment":[{"href":"https:\/\/planetconfort.com\/index.php?rest_route=%2Fwp%2Fv2%2Fmedia&parent=1833"}],"wp:term":[{"taxonomy":"product_brand","embeddable":true,"href":"https:\/\/planetconfort.com\/index.php?rest_route=%2Fwp%2Fv2%2Fproduct_brand&post=1833"},{"taxonomy":"product_cat","embeddable":true,"href":"https:\/\/planetconfort.com\/index.php?rest_route=%2Fwp%2Fv2%2Fproduct_cat&post=1833"},{"taxonomy":"product_tag","embeddable":true,"href":"https:\/\/planetconfort.com\/index.php?rest_route=%2Fwp%2Fv2%2Fproduct_tag&post=1833"}],"curies":[{"name":"wp","href":"https:\/\/api.w.org\/{rel}","templated":true}]}}