{"id":1843,"date":"2024-08-20T12:41:53","date_gmt":"2024-08-20T12:41:53","guid":{"rendered":"https:\/\/planetconfort.com\/?post_type=product&#038;p=1843"},"modified":"2024-09-18T19:32:52","modified_gmt":"2024-09-18T19:32:52","slug":"bloc-solaire-ultra","status":"publish","type":"product","link":"https:\/\/planetconfort.com\/?product=bloc-solaire-ultra","title":{"rendered":"BLOC SOLAIRE ULTRA"},"content":{"rendered":"<p>Pompe \u00e0 chaleur solaire thermodynamique construite selon les normes de qualit\u00e9 les plus \u00e9lev\u00e9es avec d\u2019excellentes performances.<\/p>\n<div id=\"sistema-solar-termodinamico\" class=\"wp-block-stackable-heading stk-block-heading stk-block-heading--v2 stk-block stk-4e3ec54\" data-block-id=\"4e3ec54\">\n<h2 class=\"stk-block-heading__text\">SYST\u00c8ME SOLAIRE THERMODYNAMIQUE<\/h2>\n<\/div>\n<div id=\"principio-de-funcionamento\" class=\"wp-block-stackable-heading stk-block-heading stk-block-heading--v2 stk-block stk-9edc239\" data-block-id=\"9edc239\">\n<h3 class=\"stk-block-heading__text has-text-color\">PRINCIPE DE FONCTIONNEMENT.<\/h3>\n<\/div>\n<p>L\u2019\u00e9vaporation du fluide qui circule dans le circuit ferm\u00e9 se produit dans le panneau solaire en captant la chaleur du soleil, du vent, de la pluie et de l\u2019air environnant par convection naturelle. Le gaz chauff\u00e9 se dirige ensuite vers le compresseur, qui va le comprimer en augmentant sa pression et sa temp\u00e9rature. Il passe ensuite dans l\u2019\u00e9changeur de chaleur (condenseur) o\u00f9 il se condense en lib\u00e9rant la chaleur dans l\u2019eau. Le fluide passe ensuite par un d\u00e9tendeur qui fait baisser sa pression et sa temp\u00e9rature \u00e0 des valeurs inf\u00e9rieures \u00e0 z\u00e9ro. Ensuite, il retourne au panneau solaire thermodynamique et le cycle se r\u00e9p\u00e8te \u00e0 nouveau.<\/p>\n<div id=\"strong-caracteristicas-chave-strong\" class=\"wp-block-stackable-heading stk-block-heading stk-block-heading--v2 stk-block stk-50b03e1\" data-block-id=\"50b03e1\">\n<h4 class=\"stk-block-heading__text\"><strong>CARACT\u00c9RISTIQUES CL\u00c9S<\/strong><\/h4>\n<\/div>\n<ul class=\"wp-block-list\">\n<li>Performance solaire<\/li>\n<li>Installation simple \u201cPlug &amp; Use\u201d<\/li>\n<li>Unit\u00e9 int\u00e9rieure d\u2019encombrement r\u00e9duite (&lt;1m<sup>2<\/sup>)<\/li>\n<li>Production ecs jusqu\u2019\u00e0 70\u00b0C en mode pompe \u00e0 chaleur par r\u00e9cup\u00e9ration de chaleur<\/li>\n<li>Distance maximale entre l\u2019unit\u00e9 int\u00e9rieure et l\u2019ext\u00e9rieure jusqu\u2019\u00e020m<\/li>\n<\/ul>\n<div id=\"performance-solar\" class=\"wp-block-stackable-heading stk-block-heading stk-block-heading--v2 stk-block stk-8d77139\" data-block-id=\"8d77139\">\n<h2 class=\"stk-block-heading__text\">PERFORMANCE SOLAIRE<\/h2>\n<\/div>\n<div class=\"wp-block-stackable-text stk-block-text stk-block stk-8823cb1\" data-block-id=\"8823cb1\">\n<p class=\"stk-block-text__text\">Test\u00e9 et certifi\u00e9 selon les normes europ\u00e9ennes les plus rigoureuses, l\u2019\u00e9quipement a obtenu un extraordinaire coefficient de performance de 3,8 selon la norme EN16147. Les tests ont \u00e9t\u00e9 effectu\u00e9s sans irradiation solaire, sans vent et sans pluie. Pour am\u00e9liorer encore plus les performances r\u00e9elles de fonctionnement, nous conseillons d\u2019installer le panneau solaire thermodynamique vers le sud (vers le nord dans l\u2019h\u00e9misph\u00e8re sud), l\u2019est ou l\u2019ouest. Verticalement ou horizontalement sur un mur, un toit, un toit plat, mais toujours en position de paysage.<\/p>\n<\/div>\n","protected":false},"excerpt":{"rendered":"<p>Pompe \u00e0 chaleur solaire thermodynamique construite selon les normes de qualit\u00e9 les plus \u00e9lev\u00e9es avec d\u2019excellentes performances. SYST\u00c8ME SOLAIRE THERMODYNAMIQUE<\/p>\n","protected":false},"featured_media":1844,"template":"","meta":{"om_disable_all_campaigns":false,"_monsterinsights_skip_tracking":false,"_monsterinsights_sitenote_active":false,"_monsterinsights_sitenote_note":"","_monsterinsights_sitenote_category":0,"_joinchat":[]},"product_brand":[],"product_cat":[308],"product_tag":[],"class_list":{"0":"post-1843","1":"product","2":"type-product","3":"status-publish","4":"has-post-thumbnail","6":"product_cat-thermo-dynamique","8":"first","9":"instock","10":"shipping-taxable","11":"product-type-simple"},"jetpack_sharing_enabled":true,"_links":{"self":[{"href":"https:\/\/planetconfort.com\/index.php?rest_route=\/wp\/v2\/product\/1843","targetHints":{"allow":["GET"]}}],"collection":[{"href":"https:\/\/planetconfort.com\/index.php?rest_route=\/wp\/v2\/product"}],"about":[{"href":"https:\/\/planetconfort.com\/index.php?rest_route=\/wp\/v2\/types\/product"}],"version-history":[{"count":1,"href":"https:\/\/planetconfort.com\/index.php?rest_route=\/wp\/v2\/product\/1843\/revisions"}],"predecessor-version":[{"id":1845,"href":"https:\/\/planetconfort.com\/index.php?rest_route=\/wp\/v2\/product\/1843\/revisions\/1845"}],"wp:featuredmedia":[{"embeddable":true,"href":"https:\/\/planetconfort.com\/index.php?rest_route=\/wp\/v2\/media\/1844"}],"wp:attachment":[{"href":"https:\/\/planetconfort.com\/index.php?rest_route=%2Fwp%2Fv2%2Fmedia&parent=1843"}],"wp:term":[{"taxonomy":"product_brand","embeddable":true,"href":"https:\/\/planetconfort.com\/index.php?rest_route=%2Fwp%2Fv2%2Fproduct_brand&post=1843"},{"taxonomy":"product_cat","embeddable":true,"href":"https:\/\/planetconfort.com\/index.php?rest_route=%2Fwp%2Fv2%2Fproduct_cat&post=1843"},{"taxonomy":"product_tag","embeddable":true,"href":"https:\/\/planetconfort.com\/index.php?rest_route=%2Fwp%2Fv2%2Fproduct_tag&post=1843"}],"curies":[{"name":"wp","href":"https:\/\/api.w.org\/{rel}","templated":true}]}}