{"id":1846,"date":"2024-08-20T13:00:38","date_gmt":"2024-08-20T13:00:38","guid":{"rendered":"https:\/\/planetconfort.com\/?post_type=product&#038;p=1846"},"modified":"2024-09-11T19:26:46","modified_gmt":"2024-09-11T19:26:46","slug":"eco","status":"publish","type":"product","link":"https:\/\/planetconfort.com\/?product=eco","title":{"rendered":"ECO"},"content":{"rendered":"<p>Syst\u00e8me solaire thermodynamique \u00e0 la pointe de la technologie, sp\u00e9cialement con\u00e7u pour le chauffage de l\u2019eau sanitaire. La solution id\u00e9ale pour votre maison.<br \/>\nL\u2019ECO est disponible dans des capacit\u00e9s de 250 \u00e0 500 litres. Version avec 1 ou 2 panneaux solaires thermodynamiques et chauffe-eau \u00e9quip\u00e9s ou non d\u2019un serpentin suppl\u00e9mentaire, en inox ou \u00e9maill\u00e9. Il se compose d\u2019une unit\u00e9 int\u00e9rieure, le chauffe-eau, et de l\u2019unit\u00e9 ext\u00e9rieure, le panneau solaire thermodynamique.<br \/>\n<strong>Eau chaude jusqu\u2019\u00e0 55<sup>0<\/sup>C, 24 heures sur 24, avec une efficacit\u00e9 maximale.<\/strong><\/p>\n<p><a href=\"http:\/\/planetconfort.com\/wp-content\/uploads\/2024\/08\/icon-eco-Asset-6-FR.svg\"><img decoding=\"async\" class=\"alignnone size-full wp-image-1847\" src=\"http:\/\/planetconfort.com\/wp-content\/uploads\/2024\/08\/icon-eco-Asset-6-FR.svg\" alt=\"\" width=\"59\" height=\"59\" \/><\/a><a href=\"http:\/\/planetconfort.com\/wp-content\/uploads\/2024\/08\/icon-eco-Asset-7-FR.svg\"><img decoding=\"async\" class=\"alignnone size-full wp-image-1848\" src=\"http:\/\/planetconfort.com\/wp-content\/uploads\/2024\/08\/icon-eco-Asset-7-FR.svg\" alt=\"\" width=\"59\" height=\"59\" \/><\/a><a href=\"http:\/\/planetconfort.com\/wp-content\/uploads\/2024\/08\/icon-eco-Asset-10-FR.svg\"><img decoding=\"async\" class=\"alignnone size-full wp-image-1849\" src=\"http:\/\/planetconfort.com\/wp-content\/uploads\/2024\/08\/icon-eco-Asset-10-FR.svg\" alt=\"\" width=\"59\" height=\"59\" \/><\/a> <img loading=\"lazy\" decoding=\"async\" class=\"alignnone size-medium wp-image-1850\" src=\"http:\/\/planetconfort.com\/wp-content\/uploads\/2024\/08\/icon-eco-Asset-9-FR.svg\" alt=\"\" width=\"59\" height=\"59\" \/><a href=\"http:\/\/planetconfort.com\/wp-content\/uploads\/2024\/08\/icon-20anos_fr-1.svg\"><img loading=\"lazy\" decoding=\"async\" class=\"alignnone size-full wp-image-1851\" src=\"http:\/\/planetconfort.com\/wp-content\/uploads\/2024\/08\/icon-20anos_fr-1.svg\" alt=\"\" width=\"61\" height=\"61\" \/><\/a><\/p>\n<h3 class=\"stk-block-heading__text has-text-color\">LORS DE LA PRODUCTION D\u2019EAU CHAUDE SANITAIRE<\/h3>\n<ul class=\"wp-block-list\">\n<li>Cuve en acier inoxydable ou en \u00e9maill\u00e9<\/li>\n<li>Niveau \u00e9lev\u00e9 d\u2019efficacit\u00e9 et d\u2019\u00e9cologie<\/li>\n<li>Fonctionnement silencieux<\/li>\n<li>Installation facile<\/li>\n<li>Fonction intelligente photovolta\u00efque<\/li>\n<li>Fonction anti-l\u00e9gionnelle programmable<\/li>\n<li>Serpentin solaire en option<\/li>\n<li>Contr\u00f4leur avec logiciel en 6 langues<\/li>\n<li>Certification HP Keymark<\/li>\n<\/ul>\n<h3 class=\"wp-block-heading\"><strong>TECHNOLOGIE DU PANNEAU SOLAIRE THERMODYNAMIQUE<\/strong><\/h3>\n<ul class=\"wp-block-list\">\n<li>En aluminium anodis\u00e9, avec peinture hydrofuge et flexible<\/li>\n<li>Facile \u00e0 transporter et \u00e0 installer, seulement 8 kg et 2\u00d70,8 m<\/li>\n<li>Sans pr\u00e9sence de verre, de caoutchoucs ou de mat\u00e9riaux fragiles<\/li>\n<li>Sans probl\u00e8me de surchauffe ou de cong\u00e9lation<\/li>\n<li>Il pourra \u00eatre install\u00e9 sur le toit, sur un mur ou dans le jardin, etc.<\/li>\n<li>L\u2019efficacit\u00e9 du panneau ne diminue pas avec le temps ou avec la salet\u00e9<\/li>\n<li>Ne demande pas de nettoyage et r\u00e9sistant \u00e0 l\u2019humidit\u00e9<\/li>\n<li>Dur\u00e9e de vie estim\u00e9e de 25 ans<\/li>\n<li>Approuv\u00e9 pour le test de corrosion en essai au brouillard salin \u00e9quivalent \u00e0 20 ans<\/li>\n<li>Certification Solar Keymark<\/li>\n<\/ul>\n","protected":false},"excerpt":{"rendered":"<p>Syst\u00e8me solaire thermodynamique \u00e0 la pointe de la technologie, sp\u00e9cialement con\u00e7u pour le chauffage de l\u2019eau sanitaire. La solution id\u00e9ale<\/p>\n","protected":false},"featured_media":1856,"template":"","meta":{"om_disable_all_campaigns":false,"_monsterinsights_skip_tracking":false,"_monsterinsights_sitenote_active":false,"_monsterinsights_sitenote_note":"","_monsterinsights_sitenote_category":0,"_joinchat":[]},"product_brand":[],"product_cat":[347],"product_tag":[],"class_list":{"0":"post-1846","1":"product","2":"type-product","3":"status-publish","4":"has-post-thumbnail","6":"product_cat-eau-chaud-sanitaire","8":"first","9":"instock","10":"shipping-taxable","11":"product-type-simple"},"jetpack_sharing_enabled":true,"_links":{"self":[{"href":"https:\/\/planetconfort.com\/index.php?rest_route=\/wp\/v2\/product\/1846","targetHints":{"allow":["GET"]}}],"collection":[{"href":"https:\/\/planetconfort.com\/index.php?rest_route=\/wp\/v2\/product"}],"about":[{"href":"https:\/\/planetconfort.com\/index.php?rest_route=\/wp\/v2\/types\/product"}],"version-history":[{"count":1,"href":"https:\/\/planetconfort.com\/index.php?rest_route=\/wp\/v2\/product\/1846\/revisions"}],"predecessor-version":[{"id":1857,"href":"https:\/\/planetconfort.com\/index.php?rest_route=\/wp\/v2\/product\/1846\/revisions\/1857"}],"wp:featuredmedia":[{"embeddable":true,"href":"https:\/\/planetconfort.com\/index.php?rest_route=\/wp\/v2\/media\/1856"}],"wp:attachment":[{"href":"https:\/\/planetconfort.com\/index.php?rest_route=%2Fwp%2Fv2%2Fmedia&parent=1846"}],"wp:term":[{"taxonomy":"product_brand","embeddable":true,"href":"https:\/\/planetconfort.com\/index.php?rest_route=%2Fwp%2Fv2%2Fproduct_brand&post=1846"},{"taxonomy":"product_cat","embeddable":true,"href":"https:\/\/planetconfort.com\/index.php?rest_route=%2Fwp%2Fv2%2Fproduct_cat&post=1846"},{"taxonomy":"product_tag","embeddable":true,"href":"https:\/\/planetconfort.com\/index.php?rest_route=%2Fwp%2Fv2%2Fproduct_tag&post=1846"}],"curies":[{"name":"wp","href":"https:\/\/api.w.org\/{rel}","templated":true}]}}