{"id":1858,"date":"2024-08-20T13:11:57","date_gmt":"2024-08-20T13:11:57","guid":{"rendered":"https:\/\/planetconfort.com\/?post_type=product&#038;p=1858"},"modified":"2024-09-11T17:57:00","modified_gmt":"2024-09-11T17:57:00","slug":"ecotop","status":"publish","type":"product","link":"https:\/\/planetconfort.com\/?product=ecotop","title":{"rendered":"Ecotop"},"content":{"rendered":"<p>Syst\u00e8me solaire thermodynamique \u00e0 la pointe de la technologie, sp\u00e9cialement con\u00e7u pour le chauffage de l\u2019eau sanitaire. La solution id\u00e9ale pour les appartements ou les petits espaces.<br \/>\nL\u2019ECOTOP est disponible dans des capacit\u00e9s de 200 \u00e0 300 litres. Version avec 1 panneau solaire thermodynamique et chauffe-eau \u00e9quip\u00e9s ou non d\u2019un serpentin inox suppl\u00e9mentaire. Il se compose d\u2019une unit\u00e9 int\u00e9rieure, le chauffe-eau, et de l\u2019unit\u00e9 ext\u00e9rieure, le panneau solaire thermodynamique.<br \/>\n<strong>Eau chaude jusqu\u2019\u00e0 55<sup>0<\/sup>C, 24 heures sur 24, avec une efficacit\u00e9 maximale.<\/strong><\/p>\n<p><img decoding=\"async\" class=\"alignnone size-full wp-image-1847\" src=\"http:\/\/planetconfort.com\/wp-content\/uploads\/2024\/08\/icon-eco-Asset-6-FR.svg\" alt=\"\" width=\"59\" height=\"59\" \/> <img decoding=\"async\" class=\"alignnone size-full wp-image-1848\" src=\"http:\/\/planetconfort.com\/wp-content\/uploads\/2024\/08\/icon-eco-Asset-7-FR.svg\" alt=\"\" width=\"59\" height=\"59\" \/><a href=\"http:\/\/planetconfort.com\/wp-content\/uploads\/2024\/08\/wifi-opcional-FR.svg\"><img decoding=\"async\" class=\"alignnone size-medium wp-image-1864\" src=\"http:\/\/planetconfort.com\/wp-content\/uploads\/2024\/08\/wifi-opcional-FR.svg\" alt=\"\" width=\"60\" height=\"60\" \/><\/a> <img loading=\"lazy\" decoding=\"async\" class=\"alignnone size-medium wp-image-1865\" src=\"http:\/\/planetconfort.com\/wp-content\/uploads\/2024\/08\/icon-encastravel-FR.svg\" alt=\"\" width=\"60\" height=\"60\" \/> <img loading=\"lazy\" decoding=\"async\" class=\"alignnone size-medium wp-image-1866\" src=\"http:\/\/planetconfort.com\/wp-content\/uploads\/2024\/08\/ECOTOP_FR.svg\" alt=\"\" width=\"61\" height=\"61\" \/><\/p>\n","protected":false},"excerpt":{"rendered":"<p>Syst\u00e8me solaire thermodynamique \u00e0 la pointe de la technologie, sp\u00e9cialement con\u00e7u pour le chauffage de l\u2019eau sanitaire. La solution id\u00e9ale<\/p>\n","protected":false},"featured_media":1859,"template":"","meta":{"om_disable_all_campaigns":false,"_monsterinsights_skip_tracking":false,"_monsterinsights_sitenote_active":false,"_monsterinsights_sitenote_note":"","_monsterinsights_sitenote_category":0,"_joinchat":[]},"product_brand":[],"product_cat":[308],"product_tag":[],"class_list":{"0":"post-1858","1":"product","2":"type-product","3":"status-publish","4":"has-post-thumbnail","6":"product_cat-thermo-dynamique","8":"first","9":"instock","10":"shipping-taxable","11":"product-type-simple"},"jetpack_sharing_enabled":true,"_links":{"self":[{"href":"https:\/\/planetconfort.com\/index.php?rest_route=\/wp\/v2\/product\/1858","targetHints":{"allow":["GET"]}}],"collection":[{"href":"https:\/\/planetconfort.com\/index.php?rest_route=\/wp\/v2\/product"}],"about":[{"href":"https:\/\/planetconfort.com\/index.php?rest_route=\/wp\/v2\/types\/product"}],"version-history":[{"count":1,"href":"https:\/\/planetconfort.com\/index.php?rest_route=\/wp\/v2\/product\/1858\/revisions"}],"predecessor-version":[{"id":1867,"href":"https:\/\/planetconfort.com\/index.php?rest_route=\/wp\/v2\/product\/1858\/revisions\/1867"}],"wp:featuredmedia":[{"embeddable":true,"href":"https:\/\/planetconfort.com\/index.php?rest_route=\/wp\/v2\/media\/1859"}],"wp:attachment":[{"href":"https:\/\/planetconfort.com\/index.php?rest_route=%2Fwp%2Fv2%2Fmedia&parent=1858"}],"wp:term":[{"taxonomy":"product_brand","embeddable":true,"href":"https:\/\/planetconfort.com\/index.php?rest_route=%2Fwp%2Fv2%2Fproduct_brand&post=1858"},{"taxonomy":"product_cat","embeddable":true,"href":"https:\/\/planetconfort.com\/index.php?rest_route=%2Fwp%2Fv2%2Fproduct_cat&post=1858"},{"taxonomy":"product_tag","embeddable":true,"href":"https:\/\/planetconfort.com\/index.php?rest_route=%2Fwp%2Fv2%2Fproduct_tag&post=1858"}],"curies":[{"name":"wp","href":"https:\/\/api.w.org\/{rel}","templated":true}]}}