{"id":1868,"date":"2024-08-20T13:33:18","date_gmt":"2024-08-20T13:33:18","guid":{"rendered":"https:\/\/planetconfort.com\/?post_type=product&#038;p=1868"},"modified":"2024-09-11T19:26:38","modified_gmt":"2024-09-11T19:26:38","slug":"zelios-thermo-gr2","status":"publish","type":"product","link":"https:\/\/planetconfort.com\/?product=zelios-thermo-gr2","title":{"rendered":"Chaffoteaux Zelios Thermo GR2"},"content":{"rendered":"<p>Syst\u00e8me solaire direct \u00e0 circulation naturelle pour la production d\u2019eau chaude sanitaire, la solution la plus simple pour une fiabilit\u00e9 maximale.<\/p>\n<h2 class=\"titre-car\">CARACT\u00c9RISTIQUES<\/h2>\n<ul class=\"list-car\">\n<li>Syst\u00e8me fiable et durable<\/li>\n<li>Absorbeur solaire soud\u00e9 au laser avec traitement de surface s\u00e9lectif bleu pour de tr\u00e8s hautes performances<\/li>\n<li>Connecti ons hydrauliques en inox et raccords en cuivre<\/li>\n<li>Meilleure stratification de l\u2019eau pour une consommation d\u2019eau chaude optimale<\/li>\n<li>\u00c9changeur angulaire 360 \u00b0 pour une temp\u00e9rature plus constante<\/li>\n<li>Remplissage antigel par le haut avec soupape de 2.5 bars<\/li>\n<li>R\u00e9sistance de 2 kW inclus<\/li>\n<li>Certificat Solar Keymark<\/li>\n<li>Produit selon les standards Europ\u00e9ens EN 1 2975 et EN 1 2976<\/li>\n<li>Design \u00e9l\u00e9gant et fonctionnel<\/li>\n<li>Hauteur r\u00e9duite<\/li>\n<\/ul>\n<p>&nbsp;<\/p>\n<p>&nbsp;<\/p>\n","protected":false},"excerpt":{"rendered":"<p>Syst\u00e8me solaire direct \u00e0 circulation naturelle pour la production d\u2019eau chaude sanitaire, la solution la plus simple pour une fiabilit\u00e9<\/p>\n","protected":false},"featured_media":1869,"template":"","meta":{"om_disable_all_campaigns":false,"_monsterinsights_skip_tracking":false,"_monsterinsights_sitenote_active":false,"_monsterinsights_sitenote_note":"","_monsterinsights_sitenote_category":0,"_joinchat":[]},"product_brand":[],"product_cat":[347],"product_tag":[],"class_list":{"0":"post-1868","1":"product","2":"type-product","3":"status-publish","4":"has-post-thumbnail","6":"product_cat-eau-chaud-sanitaire","8":"first","9":"instock","10":"shipping-taxable","11":"product-type-simple"},"jetpack_sharing_enabled":true,"_links":{"self":[{"href":"https:\/\/planetconfort.com\/index.php?rest_route=\/wp\/v2\/product\/1868","targetHints":{"allow":["GET"]}}],"collection":[{"href":"https:\/\/planetconfort.com\/index.php?rest_route=\/wp\/v2\/product"}],"about":[{"href":"https:\/\/planetconfort.com\/index.php?rest_route=\/wp\/v2\/types\/product"}],"version-history":[{"count":5,"href":"https:\/\/planetconfort.com\/index.php?rest_route=\/wp\/v2\/product\/1868\/revisions"}],"predecessor-version":[{"id":1874,"href":"https:\/\/planetconfort.com\/index.php?rest_route=\/wp\/v2\/product\/1868\/revisions\/1874"}],"wp:featuredmedia":[{"embeddable":true,"href":"https:\/\/planetconfort.com\/index.php?rest_route=\/wp\/v2\/media\/1869"}],"wp:attachment":[{"href":"https:\/\/planetconfort.com\/index.php?rest_route=%2Fwp%2Fv2%2Fmedia&parent=1868"}],"wp:term":[{"taxonomy":"product_brand","embeddable":true,"href":"https:\/\/planetconfort.com\/index.php?rest_route=%2Fwp%2Fv2%2Fproduct_brand&post=1868"},{"taxonomy":"product_cat","embeddable":true,"href":"https:\/\/planetconfort.com\/index.php?rest_route=%2Fwp%2Fv2%2Fproduct_cat&post=1868"},{"taxonomy":"product_tag","embeddable":true,"href":"https:\/\/planetconfort.com\/index.php?rest_route=%2Fwp%2Fv2%2Fproduct_tag&post=1868"}],"curies":[{"name":"wp","href":"https:\/\/api.w.org\/{rel}","templated":true}]}}