{"id":1882,"date":"2024-08-20T14:20:22","date_gmt":"2024-08-20T14:20:22","guid":{"rendered":"https:\/\/planetconfort.com\/?post_type=product&#038;p=1882"},"modified":"2024-08-29T13:15:03","modified_gmt":"2024-08-29T13:15:03","slug":"canadian-solar-580w-tophiku6-n-type-topcon","status":"publish","type":"product","link":"https:\/\/planetconfort.com\/?product=canadian-solar-580w-tophiku6-n-type-topcon","title":{"rendered":"Canadian Solar 580W TOPHiKu6 N-type TOPCon"},"content":{"rendered":"<p>Le panneau solaire\u00a0<strong>Canadian Solar 580W TOPHiKu6 N-type TOPCon<\/strong>\u00a0est un module photovolta\u00efque de haute performance con\u00e7u pour maximiser la production d\u2019\u00e9nergie et offrir une grande fiabilit\u00e9. Gr\u00e2ce \u00e0 la technologie avanc\u00e9e N-type TOPCon (Tunnel Oxide Passivated Contact), ces panneaux pr\u00e9sentent une efficacit\u00e9 sup\u00e9rieure et une d\u00e9gradation plus faible par rapport aux modules traditionnels de type P. Ils utilisent une structure de cellules monocristallines avec 16 busbars, am\u00e9liorant la capture de la lumi\u00e8re et la collecte du courant, ce qui contribue \u00e0 une puissance de sortie \u00e9lev\u00e9e et \u00e0 une efficacit\u00e9 allant jusqu\u2019\u00e0 22,5%\u200b<\/p>\n","protected":false},"excerpt":{"rendered":"<p>Le panneau solaire\u00a0Canadian Solar 580W TOPHiKu6 N-type TOPCon\u00a0est un module photovolta\u00efque de haute performance con\u00e7u pour maximiser la production d\u2019\u00e9nergie<\/p>\n","protected":false},"featured_media":1883,"template":"","meta":{"om_disable_all_campaigns":false,"_monsterinsights_skip_tracking":false,"_monsterinsights_sitenote_active":false,"_monsterinsights_sitenote_note":"","_monsterinsights_sitenote_category":0,"_joinchat":[]},"product_brand":[],"product_cat":[313,342],"product_tag":[],"class_list":{"0":"post-1882","1":"product","2":"type-product","3":"status-publish","4":"has-post-thumbnail","6":"product_cat-energie-solaire-photovoltaique","7":"product_cat-photovoltaique","9":"first","10":"instock","11":"shipping-taxable","12":"product-type-simple"},"jetpack_sharing_enabled":true,"_links":{"self":[{"href":"https:\/\/planetconfort.com\/index.php?rest_route=\/wp\/v2\/product\/1882","targetHints":{"allow":["GET"]}}],"collection":[{"href":"https:\/\/planetconfort.com\/index.php?rest_route=\/wp\/v2\/product"}],"about":[{"href":"https:\/\/planetconfort.com\/index.php?rest_route=\/wp\/v2\/types\/product"}],"version-history":[{"count":2,"href":"https:\/\/planetconfort.com\/index.php?rest_route=\/wp\/v2\/product\/1882\/revisions"}],"predecessor-version":[{"id":1885,"href":"https:\/\/planetconfort.com\/index.php?rest_route=\/wp\/v2\/product\/1882\/revisions\/1885"}],"wp:featuredmedia":[{"embeddable":true,"href":"https:\/\/planetconfort.com\/index.php?rest_route=\/wp\/v2\/media\/1883"}],"wp:attachment":[{"href":"https:\/\/planetconfort.com\/index.php?rest_route=%2Fwp%2Fv2%2Fmedia&parent=1882"}],"wp:term":[{"taxonomy":"product_brand","embeddable":true,"href":"https:\/\/planetconfort.com\/index.php?rest_route=%2Fwp%2Fv2%2Fproduct_brand&post=1882"},{"taxonomy":"product_cat","embeddable":true,"href":"https:\/\/planetconfort.com\/index.php?rest_route=%2Fwp%2Fv2%2Fproduct_cat&post=1882"},{"taxonomy":"product_tag","embeddable":true,"href":"https:\/\/planetconfort.com\/index.php?rest_route=%2Fwp%2Fv2%2Fproduct_tag&post=1882"}],"curies":[{"name":"wp","href":"https:\/\/api.w.org\/{rel}","templated":true}]}}