{"id":1989,"date":"2024-08-22T14:12:43","date_gmt":"2024-08-22T14:12:43","guid":{"rendered":"https:\/\/planetconfort.com\/?post_type=product&#038;p=1989"},"modified":"2024-09-11T18:42:17","modified_gmt":"2024-09-11T18:42:17","slug":"climatiseur-console-24000-btu-h","status":"publish","type":"product","link":"https:\/\/planetconfort.com\/?product=climatiseur-console-24000-btu-h","title":{"rendered":"Climatiseur-CONSOLE 24000 Btu\/h CARRIER"},"content":{"rendered":"","protected":false},"excerpt":{"rendered":"<ul>\n<li class=\"col-xs-20\">\n<div class=\"col-xs-20\">\n<div class=\"col-xs-20\">\n<div class=\"col-xs-20\">Filtre \u00e0 airqui\u00e9limine les particules de poussi\u00e8re et de pollen pr\u00e9sentes en suspension dans l\u2019air int\u00e9rieur.<\/div>\n<div class=\"col-xs-20\">Sa petite dimension et son poids en font un gagnant. poss\u00e8de une fa\u00e7ade esth\u00e9tique qui lui permet de s\u2019int\u00e9grer facilement dans le d\u00e9cor.<\/div>\n<div class=\"col-xs-20\">Affichage LED intelligent qui indique les fonctions de contr\u00f4le et les codes d\u2019erreur en cas de dysfonctionnement.<\/div>\n<div class=\"col-xs-20\">Un meilleur confort et une consommation minimale.<\/div>\n<\/div>\n<\/div>\n<\/li>\n<\/ul>\n<div class=\"center_column col-xs-12 col-sm-12\">\n<div class=\"rte\">\n<div class=\"col-xs-19\"><b>P\u00c9CIFICATIONS<\/b><strong>\u00a0TECHNIQUES<\/strong><\/div>\n<\/div>\n<\/div>\n<div class=\"rte\"><\/div>\n<div><img fetchpriority=\"high\" decoding=\"async\" class=\"alignnone size-full wp-image-1385\" src=\"https:\/\/uthgroupe.ma\/wp-content\/uploads\/2018\/05\/2-13.png\" alt=\"\" width=\"502\" height=\"284\" \/><\/div>\n","protected":false},"featured_media":2147,"template":"elementor_header_footer","meta":{"om_disable_all_campaigns":false,"_monsterinsights_skip_tracking":false,"_monsterinsights_sitenote_active":false,"_monsterinsights_sitenote_note":"","_monsterinsights_sitenote_category":0,"_joinchat":[]},"product_brand":[],"product_cat":[351],"product_tag":[],"class_list":{"0":"post-1989","1":"product","2":"type-product","3":"status-publish","4":"has-post-thumbnail","6":"product_cat-console","8":"first","9":"instock","10":"shipping-taxable","11":"product-type-simple"},"jetpack_sharing_enabled":true,"_links":{"self":[{"href":"https:\/\/planetconfort.com\/index.php?rest_route=\/wp\/v2\/product\/1989","targetHints":{"allow":["GET"]}}],"collection":[{"href":"https:\/\/planetconfort.com\/index.php?rest_route=\/wp\/v2\/product"}],"about":[{"href":"https:\/\/planetconfort.com\/index.php?rest_route=\/wp\/v2\/types\/product"}],"version-history":[{"count":3,"href":"https:\/\/planetconfort.com\/index.php?rest_route=\/wp\/v2\/product\/1989\/revisions"}],"predecessor-version":[{"id":2148,"href":"https:\/\/planetconfort.com\/index.php?rest_route=\/wp\/v2\/product\/1989\/revisions\/2148"}],"wp:featuredmedia":[{"embeddable":true,"href":"https:\/\/planetconfort.com\/index.php?rest_route=\/wp\/v2\/media\/2147"}],"wp:attachment":[{"href":"https:\/\/planetconfort.com\/index.php?rest_route=%2Fwp%2Fv2%2Fmedia&parent=1989"}],"wp:term":[{"taxonomy":"product_brand","embeddable":true,"href":"https:\/\/planetconfort.com\/index.php?rest_route=%2Fwp%2Fv2%2Fproduct_brand&post=1989"},{"taxonomy":"product_cat","embeddable":true,"href":"https:\/\/planetconfort.com\/index.php?rest_route=%2Fwp%2Fv2%2Fproduct_cat&post=1989"},{"taxonomy":"product_tag","embeddable":true,"href":"https:\/\/planetconfort.com\/index.php?rest_route=%2Fwp%2Fv2%2Fproduct_tag&post=1989"}],"curies":[{"name":"wp","href":"https:\/\/api.w.org\/{rel}","templated":true}]}}