{"id":2200,"date":"2024-09-11T19:55:10","date_gmt":"2024-09-11T19:55:10","guid":{"rendered":"https:\/\/planetconfort.com\/?post_type=product&#038;p=2200"},"modified":"2024-09-11T19:59:19","modified_gmt":"2024-09-11T19:59:19","slug":"solar-box","status":"publish","type":"product","link":"https:\/\/planetconfort.com\/?product=solar-box","title":{"rendered":"SOLAR BOX"},"content":{"rendered":"","protected":false},"excerpt":{"rendered":"<p>Syst\u00e8me solaire thermodynamique \u00e0 la pointe de la technologie, sp\u00e9cialement con\u00e7u pour le chauffage de l\u2019eau sanitaire. La solution id\u00e9ale pour ceux qui souhaitent entretenir leur ballon ou accumulateur et en faire un syst\u00e8me de production d\u2019eau chaude efficace.<br \/>\nLa SOLAR BOX est disponible en version avec 1 ou 2 panneaux solaires thermodynamiques. Il se compose d\u2019une unit\u00e9 int\u00e9rieure, le bloc solaire, et de l\u2019unit\u00e9 ext\u00e9rieure, le panneau solaire thermodynamique.<br \/>\n<strong>Eau chaude jusqu\u2019\u00e0 55<sup>0<\/sup>C, 24 heures sur 24, avec une efficacit\u00e9 maximale.<\/strong><\/p>\n<ul class=\"gallery-icons-pagina-produto\">\n<li><img decoding=\"async\" src=\"https:\/\/energie.pt\/wp-content\/uploads\/2022\/05\/icon-eco-Asset-6-FR.svg\" alt=\"\" \/><img decoding=\"async\" src=\"https:\/\/energie.pt\/wp-content\/uploads\/2022\/05\/icon-eco-Asset-7-FR.svg\" alt=\"\" \/><img decoding=\"async\" src=\"https:\/\/energie.pt\/wp-content\/uploads\/2022\/05\/agua_quente_55_FR.svg\" alt=\"\" \/><img decoding=\"async\" src=\"https:\/\/energie.pt\/wp-content\/uploads\/2022\/04\/icon-solar.svg\" alt=\"\" \/><img decoding=\"async\" src=\"https:\/\/energie.pt\/wp-content\/uploads\/2022\/05\/icon-unidade_compacta-FR.svg\" alt=\"\" \/><\/li>\n<\/ul>\n","protected":false},"featured_media":2203,"template":"elementor_canvas","meta":{"om_disable_all_campaigns":false,"_monsterinsights_skip_tracking":false,"_monsterinsights_sitenote_active":false,"_monsterinsights_sitenote_note":"","_monsterinsights_sitenote_category":0,"_joinchat":[]},"product_brand":[],"product_cat":[308],"product_tag":[345],"class_list":{"0":"post-2200","1":"product","2":"type-product","3":"status-publish","4":"has-post-thumbnail","6":"product_cat-thermo-dynamique","7":"product_tag-s","9":"first","10":"instock","11":"shipping-taxable","12":"product-type-simple"},"jetpack_sharing_enabled":true,"_links":{"self":[{"href":"https:\/\/planetconfort.com\/index.php?rest_route=\/wp\/v2\/product\/2200","targetHints":{"allow":["GET"]}}],"collection":[{"href":"https:\/\/planetconfort.com\/index.php?rest_route=\/wp\/v2\/product"}],"about":[{"href":"https:\/\/planetconfort.com\/index.php?rest_route=\/wp\/v2\/types\/product"}],"version-history":[{"count":1,"href":"https:\/\/planetconfort.com\/index.php?rest_route=\/wp\/v2\/product\/2200\/revisions"}],"predecessor-version":[{"id":2204,"href":"https:\/\/planetconfort.com\/index.php?rest_route=\/wp\/v2\/product\/2200\/revisions\/2204"}],"wp:featuredmedia":[{"embeddable":true,"href":"https:\/\/planetconfort.com\/index.php?rest_route=\/wp\/v2\/media\/2203"}],"wp:attachment":[{"href":"https:\/\/planetconfort.com\/index.php?rest_route=%2Fwp%2Fv2%2Fmedia&parent=2200"}],"wp:term":[{"taxonomy":"product_brand","embeddable":true,"href":"https:\/\/planetconfort.com\/index.php?rest_route=%2Fwp%2Fv2%2Fproduct_brand&post=2200"},{"taxonomy":"product_cat","embeddable":true,"href":"https:\/\/planetconfort.com\/index.php?rest_route=%2Fwp%2Fv2%2Fproduct_cat&post=2200"},{"taxonomy":"product_tag","embeddable":true,"href":"https:\/\/planetconfort.com\/index.php?rest_route=%2Fwp%2Fv2%2Fproduct_tag&post=2200"}],"curies":[{"name":"wp","href":"https:\/\/api.w.org\/{rel}","templated":true}]}}