{"id":2217,"date":"2024-09-12T13:18:25","date_gmt":"2024-09-12T13:18:25","guid":{"rendered":"https:\/\/planetconfort.com\/?post_type=product&#038;p=2217"},"modified":"2024-09-12T13:27:53","modified_gmt":"2024-09-12T13:27:53","slug":"pompe-a-chaleur-aerothermique","status":"publish","type":"product","link":"https:\/\/planetconfort.com\/?product=pompe-a-chaleur-aerothermique","title":{"rendered":"POMPE \u00c0 CHALEUR A\u00c9ROTHERMIQUE."},"content":{"rendered":"","protected":false},"excerpt":{"rendered":"<p>ERGONOMIQUE, EFFICACE ET SILENCIEUX.<\/p>\n<p><a href=\"http:\/\/planetconfort.com\/wp-content\/uploads\/2024\/09\/wifi-opcional-FR.svg\"><img decoding=\"async\" class=\"alignnone size-full wp-image-2218\" src=\"http:\/\/planetconfort.com\/wp-content\/uploads\/2024\/09\/wifi-opcional-FR.svg\" alt=\"\" width=\"60\" height=\"60\" \/><\/a><a href=\"http:\/\/planetconfort.com\/wp-content\/uploads\/2024\/09\/Mural-FR.svg\"><img decoding=\"async\" class=\"alignnone size-full wp-image-2219\" src=\"http:\/\/planetconfort.com\/wp-content\/uploads\/2024\/09\/Mural-FR.svg\" alt=\"\" width=\"60\" height=\"60\" \/><\/a> <img decoding=\"async\" class=\"alignnone size-medium wp-image-2220\" src=\"http:\/\/planetconfort.com\/wp-content\/uploads\/2024\/09\/icon-termoaculimador_inox_FR.svg\" alt=\"\" width=\"60\" height=\"60\" \/> <img loading=\"lazy\" decoding=\"async\" class=\"alignnone size-medium wp-image-2221\" src=\"http:\/\/planetconfort.com\/wp-content\/uploads\/2024\/09\/Equip-novo-FR.svg\" alt=\"\" width=\"60\" height=\"60\" \/> <img loading=\"lazy\" decoding=\"async\" class=\"alignnone size-medium wp-image-2222\" src=\"http:\/\/planetconfort.com\/wp-content\/uploads\/2024\/09\/monobloc_mural_capacidades_cinza_fr.svg\" alt=\"\" width=\"61\" height=\"61\" \/><\/p>\n<div id=\"strong-equipamento-strong\" class=\"wp-block-stackable-heading stk-block-heading stk-block-heading--v2 stk-block stk-0e75d03\" data-block-id=\"0e75d03\">\n<h3 class=\"stk-block-heading__text has-text-color\"><strong>\u00c9QUIPEMENT<\/strong><\/h3>\n<\/div>\n<div class=\"wp-block-stackable-columns stk-block-columns stk-block stk-cd07604\" data-block-id=\"cd07604\">\n<div class=\"stk-row stk-inner-blocks stk-block-content stk-content-align stk-cd07604-column\">\n<div class=\"wp-block-stackable-column stk-block-column stk-column stk-block stk-022d5a4\" data-v=\"4\" data-block-id=\"022d5a4\">\n<div class=\"stk-column-wrapper stk-block-column__content stk-container stk-022d5a4-container stk--no-background stk--no-padding\">\n<div class=\"stk-block-content stk-inner-blocks stk-022d5a4-inner-blocks\">\n<ul class=\"wp-block-list\">\n<li>Technologie et fabrication portugaise<\/li>\n<li>Cuve compacte en acier inox<\/li>\n<li>Divers modes: Eco, Confort, Overboost et D\u00e9sinfection<\/li>\n<li>Eau chaude jusqu\u2019\u00e0 60\u00b0C en mode PC<\/li>\n<li>Silencieuse<\/li>\n<li>120et 160 litres de capacit\u00e9<\/li>\n<li>Contr\u00f4leur tactile<\/li>\n<li>Contr\u00f4le Wi-Fi (optionnel)<\/li>\n<li>Installation et int\u00e9gration faciles<\/li>\n<li>Sans maintenance<\/li>\n<li>Installation murale<\/li>\n<li>Int\u00e9gration en espaces et surfaces r\u00e9duits, module 60\u00d760 cm<\/li>\n<li>Construction en mat\u00e9riaux polym\u00e8res<\/li>\n<li>Plus robuste<\/li>\n<li>Gestion ModBus (optionnel)<\/li>\n<\/ul>\n<\/div>\n<\/div>\n<\/div>\n<\/div>\n<\/div>\n","protected":false},"featured_media":2223,"template":"elementor_canvas","meta":{"om_disable_all_campaigns":false,"_monsterinsights_skip_tracking":false,"_monsterinsights_sitenote_active":false,"_monsterinsights_sitenote_note":"","_monsterinsights_sitenote_category":0,"_joinchat":[]},"product_brand":[],"product_cat":[308],"product_tag":[345],"class_list":{"0":"post-2217","1":"product","2":"type-product","3":"status-publish","4":"has-post-thumbnail","6":"product_cat-thermo-dynamique","7":"product_tag-s","9":"first","10":"instock","11":"shipping-taxable","12":"product-type-simple"},"jetpack_sharing_enabled":true,"_links":{"self":[{"href":"https:\/\/planetconfort.com\/index.php?rest_route=\/wp\/v2\/product\/2217","targetHints":{"allow":["GET"]}}],"collection":[{"href":"https:\/\/planetconfort.com\/index.php?rest_route=\/wp\/v2\/product"}],"about":[{"href":"https:\/\/planetconfort.com\/index.php?rest_route=\/wp\/v2\/types\/product"}],"version-history":[{"count":1,"href":"https:\/\/planetconfort.com\/index.php?rest_route=\/wp\/v2\/product\/2217\/revisions"}],"predecessor-version":[{"id":2226,"href":"https:\/\/planetconfort.com\/index.php?rest_route=\/wp\/v2\/product\/2217\/revisions\/2226"}],"wp:featuredmedia":[{"embeddable":true,"href":"https:\/\/planetconfort.com\/index.php?rest_route=\/wp\/v2\/media\/2223"}],"wp:attachment":[{"href":"https:\/\/planetconfort.com\/index.php?rest_route=%2Fwp%2Fv2%2Fmedia&parent=2217"}],"wp:term":[{"taxonomy":"product_brand","embeddable":true,"href":"https:\/\/planetconfort.com\/index.php?rest_route=%2Fwp%2Fv2%2Fproduct_brand&post=2217"},{"taxonomy":"product_cat","embeddable":true,"href":"https:\/\/planetconfort.com\/index.php?rest_route=%2Fwp%2Fv2%2Fproduct_cat&post=2217"},{"taxonomy":"product_tag","embeddable":true,"href":"https:\/\/planetconfort.com\/index.php?rest_route=%2Fwp%2Fv2%2Fproduct_tag&post=2217"}],"curies":[{"name":"wp","href":"https:\/\/api.w.org\/{rel}","templated":true}]}}