{"id":2227,"date":"2024-09-12T13:30:20","date_gmt":"2024-09-12T13:30:20","guid":{"rendered":"https:\/\/planetconfort.com\/?post_type=product&#038;p=2227"},"modified":"2024-09-12T13:45:14","modified_gmt":"2024-09-12T13:45:14","slug":"aquapura-monobloc","status":"publish","type":"product","link":"https:\/\/planetconfort.com\/?product=aquapura-monobloc","title":{"rendered":"Aquapura Monobloc"},"content":{"rendered":"<p>Pompe \u00e0 chaleur a\u00e9rothermique, con\u00e7ue pour le chauffage de l\u2019eau \u00e0 usage r\u00e9sidentiel.<br \/>\n<strong><br \/>\nEau chaude jusqu\u2019\u00e0 60<sup>0<\/sup>C, avec une efficacit\u00e9 maximale.<\/strong><\/p>\n<p>La pompe \u00e0 chaleur Aquapura Monobloc est disponible avec des capacit\u00e9s de 120 litres, version murale, et de 200 litres \u00e0 300 litres.<br \/>\nLa pompe \u00e0 chaleur Aquapura Monobloc dispose d\u2019une fonction photovolta\u00efque intelligente et d\u2019une connexion Wi-Fi en option.<\/p>\n<p>Ils pr\u00e9sentent un niveau d\u2019efficacit\u00e9 \u00e9lev\u00e9, en apportant \u00e0 toute la gamme la classe \u00e9nerg\u00e9tique A++, avec l\u2019un des coefficients de performance plus \u00e9lev\u00e9s du march\u00e9 (COP = 3,9 pour le mod\u00e8le 270 litres selon la norme EN16147, air \u00e0 14\u00b0C et chauffage de l\u2019eau de 10\u00b0C \u00e0 54\u00b0C).<\/p>\n","protected":false},"excerpt":{"rendered":"<p>Pompe \u00e0 chaleur a\u00e9rothermique, con\u00e7ue pour le chauffage de l\u2019eau \u00e0 usage r\u00e9sidentiel.<br \/>\n<strong><br \/>\nEau chaude jusqu\u2019\u00e0 60<sup>0<\/sup>C, avec une efficacit\u00e9 maximale.<\/strong><\/p>\n<p>La pompe \u00e0 chaleur Aquapura Monobloc est disponible avec des capacit\u00e9s de 120 litres, version murale, et de 200 litres \u00e0 300 litres.<br \/>\nLa pompe \u00e0 chaleur Aquapura Monobloc dispose d\u2019une fonction photovolta\u00efque intelligente et d\u2019une connexion Wi-Fi en option.<\/p>\n<p>Ils pr\u00e9sentent un niveau d\u2019efficacit\u00e9 \u00e9lev\u00e9, en apportant \u00e0 toute la gamme la classe \u00e9nerg\u00e9tique A++, avec l\u2019un des coefficients de performance plus \u00e9lev\u00e9s du march\u00e9 (COP = 3,9 pour le mod\u00e8le 270 litres selon la norme EN16147, air \u00e0 14\u00b0C et chauffage de l\u2019eau de 10\u00b0C \u00e0 54\u00b0C).<\/p>\n","protected":false},"featured_media":2231,"template":"elementor_canvas","meta":{"om_disable_all_campaigns":false,"_monsterinsights_skip_tracking":false,"_monsterinsights_sitenote_active":false,"_monsterinsights_sitenote_note":"","_monsterinsights_sitenote_category":0,"_joinchat":[]},"product_brand":[],"product_cat":[308],"product_tag":[345],"class_list":{"0":"post-2227","1":"product","2":"type-product","3":"status-publish","4":"has-post-thumbnail","6":"product_cat-thermo-dynamique","7":"product_tag-s","9":"first","10":"instock","11":"shipping-taxable","12":"product-type-simple"},"jetpack_sharing_enabled":true,"_links":{"self":[{"href":"https:\/\/planetconfort.com\/index.php?rest_route=\/wp\/v2\/product\/2227","targetHints":{"allow":["GET"]}}],"collection":[{"href":"https:\/\/planetconfort.com\/index.php?rest_route=\/wp\/v2\/product"}],"about":[{"href":"https:\/\/planetconfort.com\/index.php?rest_route=\/wp\/v2\/types\/product"}],"version-history":[{"count":4,"href":"https:\/\/planetconfort.com\/index.php?rest_route=\/wp\/v2\/product\/2227\/revisions"}],"predecessor-version":[{"id":2235,"href":"https:\/\/planetconfort.com\/index.php?rest_route=\/wp\/v2\/product\/2227\/revisions\/2235"}],"wp:featuredmedia":[{"embeddable":true,"href":"https:\/\/planetconfort.com\/index.php?rest_route=\/wp\/v2\/media\/2231"}],"wp:attachment":[{"href":"https:\/\/planetconfort.com\/index.php?rest_route=%2Fwp%2Fv2%2Fmedia&parent=2227"}],"wp:term":[{"taxonomy":"product_brand","embeddable":true,"href":"https:\/\/planetconfort.com\/index.php?rest_route=%2Fwp%2Fv2%2Fproduct_brand&post=2227"},{"taxonomy":"product_cat","embeddable":true,"href":"https:\/\/planetconfort.com\/index.php?rest_route=%2Fwp%2Fv2%2Fproduct_cat&post=2227"},{"taxonomy":"product_tag","embeddable":true,"href":"https:\/\/planetconfort.com\/index.php?rest_route=%2Fwp%2Fv2%2Fproduct_tag&post=2227"}],"curies":[{"name":"wp","href":"https:\/\/api.w.org\/{rel}","templated":true}]}}