{"id":2236,"date":"2024-09-12T13:53:51","date_gmt":"2024-09-12T13:53:51","guid":{"rendered":"https:\/\/planetconfort.com\/?post_type=product&#038;p=2236"},"modified":"2024-09-18T19:32:37","modified_gmt":"2024-09-18T19:32:37","slug":"aquapura-split","status":"publish","type":"product","link":"https:\/\/planetconfort.com\/?product=aquapura-split","title":{"rendered":"Aquapura Split"},"content":{"rendered":"","protected":false},"excerpt":{"rendered":"<p>Pompe \u00e0 chaleur a\u00e9rothermique, con\u00e7ue pour le chauffage de l\u2019eau \u00e0 usage domestique ou industriel.<\/p>\n<p><strong>Eau chaude jusqu\u2019\u00e0 60\u00b0C, avec une efficacit\u00e9 maximale.<\/strong><\/p>\n<div id=\"strong-equipamento-strong\" class=\"wp-block-stackable-heading stk-block-heading stk-block-heading--v2 stk-block stk-0e75d03\" data-block-id=\"0e75d03\"><\/div>\n<div class=\"wp-block-stackable-columns stk-block-columns stk-block stk-cd07604\" data-block-id=\"cd07604\">\n<div class=\"stk-row stk-inner-blocks stk-block-content stk-content-align stk-cd07604-column\">\n<div class=\"wp-block-stackable-column stk-block-column stk-column stk-block stk-022d5a4\" data-v=\"4\" data-block-id=\"022d5a4\">\n<div class=\"stk-column-wrapper stk-block-column__content stk-container stk-022d5a4-container stk--no-background stk--no-padding\">\n<div class=\"stk-block-content stk-inner-blocks stk-022d5a4-inner-blocks\">\n<p>La pompe \u00e0 chaleur Aquapura Split est disponible dans des capacit\u00e9s de 160 litres, version murale, et de 250 litres \u00e0 500 litres.<br \/>\nIl se compose d\u2019une unit\u00e9 int\u00e9rieure, le chauffe-eau, et de l\u2019unit\u00e9 ext\u00e9rieure, la pompe \u00e0 chaleur Split.<\/p>\n<p><a href=\"http:\/\/planetconfort.com\/wp-content\/uploads\/2024\/09\/icon_split_cap_mur_fr.svg\"><img decoding=\"async\" class=\"alignnone size-full wp-image-2237\" src=\"http:\/\/planetconfort.com\/wp-content\/uploads\/2024\/09\/icon_split_cap_mur_fr.svg\" alt=\"\" width=\"61\" height=\"61\" \/><\/a> <img decoding=\"async\" class=\"alignnone size-medium wp-image-2238\" src=\"http:\/\/planetconfort.com\/wp-content\/uploads\/2024\/09\/icon_split_capacidade_fr.svg\" alt=\"\" width=\"61\" height=\"61\" \/> <img decoding=\"async\" class=\"alignnone size-medium wp-image-2239\" src=\"http:\/\/planetconfort.com\/wp-content\/uploads\/2024\/09\/icon_split_distancia_fr.svg\" alt=\"\" width=\"61\" height=\"61\" \/> <img loading=\"lazy\" decoding=\"async\" class=\"alignnone size-medium wp-image-2240\" src=\"http:\/\/planetconfort.com\/wp-content\/uploads\/2024\/09\/icon_split_poupanca_fr.svg\" alt=\"\" width=\"61\" height=\"61\" \/> <img loading=\"lazy\" decoding=\"async\" class=\"alignnone size-medium wp-image-2241\" src=\"http:\/\/planetconfort.com\/wp-content\/uploads\/2024\/09\/icon_split_65_fr.svg\" alt=\"\" width=\"61\" height=\"61\" \/><\/p>\n<\/div>\n<\/div>\n<\/div>\n<\/div>\n<\/div>\n","protected":false},"featured_media":2242,"template":"elementor_canvas","meta":{"om_disable_all_campaigns":false,"_monsterinsights_skip_tracking":false,"_monsterinsights_sitenote_active":false,"_monsterinsights_sitenote_note":"","_monsterinsights_sitenote_category":0,"_joinchat":[]},"product_brand":[],"product_cat":[308],"product_tag":[345],"class_list":{"0":"post-2236","1":"product","2":"type-product","3":"status-publish","4":"has-post-thumbnail","6":"product_cat-thermo-dynamique","7":"product_tag-s","9":"first","10":"instock","11":"shipping-taxable","12":"product-type-simple"},"jetpack_sharing_enabled":true,"_links":{"self":[{"href":"https:\/\/planetconfort.com\/index.php?rest_route=\/wp\/v2\/product\/2236","targetHints":{"allow":["GET"]}}],"collection":[{"href":"https:\/\/planetconfort.com\/index.php?rest_route=\/wp\/v2\/product"}],"about":[{"href":"https:\/\/planetconfort.com\/index.php?rest_route=\/wp\/v2\/types\/product"}],"version-history":[{"count":1,"href":"https:\/\/planetconfort.com\/index.php?rest_route=\/wp\/v2\/product\/2236\/revisions"}],"predecessor-version":[{"id":2246,"href":"https:\/\/planetconfort.com\/index.php?rest_route=\/wp\/v2\/product\/2236\/revisions\/2246"}],"wp:featuredmedia":[{"embeddable":true,"href":"https:\/\/planetconfort.com\/index.php?rest_route=\/wp\/v2\/media\/2242"}],"wp:attachment":[{"href":"https:\/\/planetconfort.com\/index.php?rest_route=%2Fwp%2Fv2%2Fmedia&parent=2236"}],"wp:term":[{"taxonomy":"product_brand","embeddable":true,"href":"https:\/\/planetconfort.com\/index.php?rest_route=%2Fwp%2Fv2%2Fproduct_brand&post=2236"},{"taxonomy":"product_cat","embeddable":true,"href":"https:\/\/planetconfort.com\/index.php?rest_route=%2Fwp%2Fv2%2Fproduct_cat&post=2236"},{"taxonomy":"product_tag","embeddable":true,"href":"https:\/\/planetconfort.com\/index.php?rest_route=%2Fwp%2Fv2%2Fproduct_tag&post=2236"}],"curies":[{"name":"wp","href":"https:\/\/api.w.org\/{rel}","templated":true}]}}