{"id":2263,"date":"2024-09-12T14:32:25","date_gmt":"2024-09-12T14:32:25","guid":{"rendered":"https:\/\/planetconfort.com\/?post_type=product&#038;p=2263"},"modified":"2024-09-12T14:47:10","modified_gmt":"2024-09-12T14:47:10","slug":"thermobox-duo","status":"publish","type":"product","link":"https:\/\/planetconfort.com\/?product=thermobox-duo","title":{"rendered":"THERMOBOX DUO"},"content":{"rendered":"","protected":false},"excerpt":{"rendered":"<p>Les mod\u00e8les 160\/50 et 200\/50 sont les solutions id\u00e9ales pour divers projets de construction, apportant une r\u00e9ponse \u00e0 la fois aux besoins de climatisation et d\u2019eau chaude sanitaire (ECS).<\/p>\n<p>La gamme THERMOBOX DUO comprend plusieurs mod\u00e8les con\u00e7us pour tous les types d\u2019habitations, qu\u2019elles soient individuelles ou collectives.<\/p>\n<p><a href=\"http:\/\/planetconfort.com\/wp-content\/uploads\/2024\/09\/icon-ultracompacto-FR.svg\"><img decoding=\"async\" class=\"alignnone size-full wp-image-2248\" src=\"http:\/\/planetconfort.com\/wp-content\/uploads\/2024\/09\/icon-ultracompacto-FR.svg\" alt=\"\" width=\"60\" height=\"60\" \/><\/a> \u00a0<img decoding=\"async\" class=\"alignnone size-medium wp-image-2250\" src=\"http:\/\/planetconfort.com\/wp-content\/uploads\/2024\/09\/icon-instalacao100-FR.svg\" alt=\"\" width=\"60\" height=\"60\" \/> <a href=\"http:\/\/planetconfort.com\/wp-content\/uploads\/2024\/09\/icon-facil_instalacao_FR.svg\"><img decoding=\"async\" class=\"alignnone size-full wp-image-2256\" src=\"http:\/\/planetconfort.com\/wp-content\/uploads\/2024\/09\/icon-facil_instalacao_FR.svg\" alt=\"\" width=\"60\" height=\"60\" \/><img loading=\"lazy\" decoding=\"async\" class=\"alignnone size-full wp-image-2220\" src=\"http:\/\/planetconfort.com\/wp-content\/uploads\/2024\/09\/icon-termoaculimador_inox_FR.svg\" alt=\"\" width=\"60\" height=\"60\" \/><\/a><a href=\"http:\/\/planetconfort.com\/wp-content\/uploads\/2024\/09\/thermobox_duo_perdas_fr.svg\"><img loading=\"lazy\" decoding=\"async\" class=\"alignnone size-full wp-image-2264\" src=\"http:\/\/planetconfort.com\/wp-content\/uploads\/2024\/09\/thermobox_duo_perdas_fr.svg\" alt=\"\" width=\"61\" height=\"61\" \/><\/a><\/p>\n","protected":false},"featured_media":2261,"template":"elementor_canvas","meta":{"om_disable_all_campaigns":false,"_monsterinsights_skip_tracking":false,"_monsterinsights_sitenote_active":false,"_monsterinsights_sitenote_note":"","_monsterinsights_sitenote_category":0,"_joinchat":[]},"product_brand":[],"product_cat":[308],"product_tag":[345,352,353],"class_list":{"0":"post-2263","1":"product","2":"type-product","3":"status-publish","4":"has-post-thumbnail","6":"product_cat-thermo-dynamique","7":"product_tag-s","8":"product_tag-thermobox-duo","9":"product_tag-thermodynamique","11":"first","12":"instock","13":"shipping-taxable","14":"product-type-simple"},"jetpack_sharing_enabled":true,"_links":{"self":[{"href":"https:\/\/planetconfort.com\/index.php?rest_route=\/wp\/v2\/product\/2263","targetHints":{"allow":["GET"]}}],"collection":[{"href":"https:\/\/planetconfort.com\/index.php?rest_route=\/wp\/v2\/product"}],"about":[{"href":"https:\/\/planetconfort.com\/index.php?rest_route=\/wp\/v2\/types\/product"}],"version-history":[{"count":1,"href":"https:\/\/planetconfort.com\/index.php?rest_route=\/wp\/v2\/product\/2263\/revisions"}],"predecessor-version":[{"id":2265,"href":"https:\/\/planetconfort.com\/index.php?rest_route=\/wp\/v2\/product\/2263\/revisions\/2265"}],"wp:featuredmedia":[{"embeddable":true,"href":"https:\/\/planetconfort.com\/index.php?rest_route=\/wp\/v2\/media\/2261"}],"wp:attachment":[{"href":"https:\/\/planetconfort.com\/index.php?rest_route=%2Fwp%2Fv2%2Fmedia&parent=2263"}],"wp:term":[{"taxonomy":"product_brand","embeddable":true,"href":"https:\/\/planetconfort.com\/index.php?rest_route=%2Fwp%2Fv2%2Fproduct_brand&post=2263"},{"taxonomy":"product_cat","embeddable":true,"href":"https:\/\/planetconfort.com\/index.php?rest_route=%2Fwp%2Fv2%2Fproduct_cat&post=2263"},{"taxonomy":"product_tag","embeddable":true,"href":"https:\/\/planetconfort.com\/index.php?rest_route=%2Fwp%2Fv2%2Fproduct_tag&post=2263"}],"curies":[{"name":"wp","href":"https:\/\/api.w.org\/{rel}","templated":true}]}}