{"id":291,"date":"2023-06-15T12:52:42","date_gmt":"2023-06-15T12:52:42","guid":{"rendered":"https:\/\/dummy.xtemos.com\/woodmart2\/kids-elementor\/?post_type=product&#038;p=291"},"modified":"2024-09-11T18:30:47","modified_gmt":"2024-09-11T18:30:47","slug":"climatiseur-monosplit-reversible","status":"publish","type":"product","link":"https:\/\/planetconfort.com\/?product=climatiseur-monosplit-reversible","title":{"rendered":"Climatiseur monosplit r\u00e9versible, gamme UNIVERSAL, unit\u00e9 int\u00e9rieure CASSETTE COMPACTE"},"content":{"rendered":"","protected":false},"excerpt":{"rendered":"<div class=\"woocommerce-product-details__short-description\">\n<p>Ce type de climatiseur s\u2019installe dans les surfaces commerciales, les bureaux ou tout autre espace disposant de faux plafond.\u00a0 L\u2019air est souffl\u00e9 vers le bas avec une excellente diffusion et reprise d\u2019air. Tous nos climatiseurs tertiaires de la gamme UNIVERSAL ont une haute efficacit\u00e9 \u00e9nerg\u00e9tique (A++).<\/p>\n<\/div>\n<div class=\"product-add-to-cart-container\"><\/div>\n<div class=\"vc_row wpb_row vc_row-fluid product-spec-row\">\n<div class=\"vc_col-sm-6\"><\/div>\n<\/div>\n","protected":false},"featured_media":2140,"template":"elementor_header_footer","meta":{"om_disable_all_campaigns":false,"_monsterinsights_skip_tracking":false,"_monsterinsights_sitenote_active":false,"_monsterinsights_sitenote_note":"","_monsterinsights_sitenote_category":0,"_joinchat":[]},"product_brand":[],"product_cat":[350],"product_tag":[],"class_list":{"0":"post-291","1":"product","2":"type-product","3":"status-publish","4":"has-post-thumbnail","6":"product_cat-cassette","8":"first","9":"instock","10":"shipping-taxable","11":"purchasable","12":"product-type-simple"},"jetpack_sharing_enabled":true,"_links":{"self":[{"href":"https:\/\/planetconfort.com\/index.php?rest_route=\/wp\/v2\/product\/291","targetHints":{"allow":["GET"]}}],"collection":[{"href":"https:\/\/planetconfort.com\/index.php?rest_route=\/wp\/v2\/product"}],"about":[{"href":"https:\/\/planetconfort.com\/index.php?rest_route=\/wp\/v2\/types\/product"}],"version-history":[{"count":3,"href":"https:\/\/planetconfort.com\/index.php?rest_route=\/wp\/v2\/product\/291\/revisions"}],"predecessor-version":[{"id":2142,"href":"https:\/\/planetconfort.com\/index.php?rest_route=\/wp\/v2\/product\/291\/revisions\/2142"}],"wp:featuredmedia":[{"embeddable":true,"href":"https:\/\/planetconfort.com\/index.php?rest_route=\/wp\/v2\/media\/2140"}],"wp:attachment":[{"href":"https:\/\/planetconfort.com\/index.php?rest_route=%2Fwp%2Fv2%2Fmedia&parent=291"}],"wp:term":[{"taxonomy":"product_brand","embeddable":true,"href":"https:\/\/planetconfort.com\/index.php?rest_route=%2Fwp%2Fv2%2Fproduct_brand&post=291"},{"taxonomy":"product_cat","embeddable":true,"href":"https:\/\/planetconfort.com\/index.php?rest_route=%2Fwp%2Fv2%2Fproduct_cat&post=291"},{"taxonomy":"product_tag","embeddable":true,"href":"https:\/\/planetconfort.com\/index.php?rest_route=%2Fwp%2Fv2%2Fproduct_tag&post=291"}],"curies":[{"name":"wp","href":"https:\/\/api.w.org\/{rel}","templated":true}]}}